{"id":10,"date":"2024-12-07T17:15:10","date_gmt":"2024-12-07T14:15:10","guid":{"rendered":"https:\/\/mutlusanmakine.com.tr\/?page_id=10"},"modified":"2024-12-18T11:51:08","modified_gmt":"2024-12-18T08:51:08","slug":"iletisim","status":"publish","type":"page","link":"https:\/\/mutlusanmakine.com.tr\/index.php\/iletisim\/","title":{"rendered":"\u0130leti\u015fim"},"content":{"rendered":"<div class=\"vce-row-container\" data-vce-boxed-width=\"true\"><div class=\"vce-row vce-row--col-gap-30 vce-row-equal-height vce-row-content--top\" id=\"el-d374ed32\" data-vce-do-apply=\"all el-d374ed32\"><div class=\"vce-row-content\" data-vce-element-content=\"true\"><div class=\"vce-col vce-col--md-67p vce-col--xs-1 vce-col--xs-last vce-col--xs-first vce-col--sm-last vce-col--sm-first vce-col--md-first vce-col--lg-first vce-col--xl-first\" id=\"el-cde0c7aa\"><div class=\"vce-col-inner\" data-vce-do-apply=\"border margin background  el-cde0c7aa\"><div class=\"vce-col-content\" data-vce-element-content=\"true\" data-vce-do-apply=\"padding el-cde0c7aa\"><div class=\"vce-google-maps vce-google-maps--align-center\"><div class=\"vce-google-maps-wrapper vce vce-google-maps--width-custom vce-google-maps--height-custom\" id=\"el-cc6929d1\" data-vce-do-apply=\"all el-cc6929d1\" style=\"width: 800px; height: 470px;\" data-vce-animate=\"vce-o-animate--zoomIn\"><div class=\"vce-google-maps-inner\" style=\"\"><iframe src=\"https:\/\/www.google.com\/maps\/embed?pb=!1m18!1m12!1m3!1d12638.291724062835!2d27.494066!3d40.9754294!2m3!1f0!2f0!3f0!3m2!1i1024!2i768!4f13.1!3m3!1m2!1s0x14b46148132a756b%3A0xc392b1d907e47761!2zU8O8bGV5bWFucGFzacWfLCBUZWtpcmRhxZ8!5e0!3m2!1str!2str!4v1699352673016!5m2!1str!2str\" width=\"600\" height=\"450\" frameborder=\"0\" style=\"border: 0px; pointer-events: none;\" allowfullscreen=\"\"><\/iframe><\/div><\/div><\/div><\/div><\/div><\/div><div class=\"vce-col vce-col--md-33p vce-col--xs-1 vce-col--xs-last vce-col--xs-first vce-col--sm-last vce-col--sm-first vce-col--md-last vce-col--lg-last vce-col--xl-last\" id=\"el-bafc68d1\"><div class=\"vce-col-inner\" data-vce-do-apply=\"border margin background  el-bafc68d1\"><div class=\"vce-col-content\" data-vce-element-content=\"true\" data-vce-do-apply=\"padding el-bafc68d1\"><div class=\"vce-text-block\"><div class=\"vce-text-block-wrapper vce\" id=\"el-5f19d626\" data-vce-do-apply=\"all el-5f19d626\"><p>&nbsp;<\/p><p><style>\r\n        body {<br \/>            font-family: Arial, sans-serif;<br \/>            background-color: #f9f9f9;<br \/>            color: #000000;<br \/>            padding: 20px;<br \/>        }<br \/>        .contact-info {<br \/>            line-height: 1.6;<br \/>        }<br \/>        .contact-info a {<br \/>            color: #0032fa;<br \/>            text-decoration: none;<br \/>            transition: color 0.3s ease;<br \/>        }<br \/>        .contact-info a:hover {<br \/>            color: black;<br \/>        }<br \/>    <\/style><\/p><div class=\"contact-info\"><p><span style=\"color: #000000;\">AHMET DURAN MUTLU<\/span><br><a href=\"tel:+905322770155\">+90 532 277 0155<\/a><\/p><p><span style=\"font-weight: 400; font-style: normal; color: #000000;\">U\u011eUR MUTLU<\/span><br><a href=\"tel:+905428462696\">+90 542 846 2696<\/a><\/p><p><span style=\"color: #000000;\">ADRES<\/span><br><a href=\"https:\/\/www.google.com\/maps\/place\/\/data=!4m2!3m1!1s0x14b46148132a756b:0xc392b1d907e47761?sa=X&amp;ved=1t:8290&amp;ictx=111\">Mutlusan Torna &amp; Akdeniz Hidrolik<br>S\u00fcleymanpa\u015fa, Tekirda\u011f 59100<br>T\u00fcrkiye<br><\/a><\/p><\/div><\/div><\/div><\/div><\/div><\/div><\/div><\/div><\/div>\n","protected":false},"excerpt":{"rendered":"<p>&nbsp;AHMET DURAN MUTLU+90 532 277 0155U\u011eUR MUTLU+90 542 846 2696ADRESMutlusan Torna &amp; Akdeniz [&hellip;]<\/p>\n","protected":false},"author":1,"featured_media":0,"parent":0,"menu_order":0,"comment_status":"closed","ping_status":"closed","template":"","meta":{"om_disable_all_campaigns":false,"_monsterinsights_skip_tracking":false,"_monsterinsights_sitenote_active":false,"_monsterinsights_sitenote_note":"","_monsterinsights_sitenote_category":0,"_uf_show_specific_survey":0,"_uf_disable_surveys":false,"footnotes":""},"class_list":["post-10","page","type-page","status-publish","hentry"],"aioseo_notices":[],"_links":{"self":[{"href":"https:\/\/mutlusanmakine.com.tr\/index.php\/wp-json\/wp\/v2\/pages\/10","targetHints":{"allow":["GET"]}}],"collection":[{"href":"https:\/\/mutlusanmakine.com.tr\/index.php\/wp-json\/wp\/v2\/pages"}],"about":[{"href":"https:\/\/mutlusanmakine.com.tr\/index.php\/wp-json\/wp\/v2\/types\/page"}],"author":[{"embeddable":true,"href":"https:\/\/mutlusanmakine.com.tr\/index.php\/wp-json\/wp\/v2\/users\/1"}],"replies":[{"embeddable":true,"href":"https:\/\/mutlusanmakine.com.tr\/index.php\/wp-json\/wp\/v2\/comments?post=10"}],"version-history":[{"count":15,"href":"https:\/\/mutlusanmakine.com.tr\/index.php\/wp-json\/wp\/v2\/pages\/10\/revisions"}],"predecessor-version":[{"id":319,"href":"https:\/\/mutlusanmakine.com.tr\/index.php\/wp-json\/wp\/v2\/pages\/10\/revisions\/319"}],"wp:attachment":[{"href":"https:\/\/mutlusanmakine.com.tr\/index.php\/wp-json\/wp\/v2\/media?parent=10"}],"curies":[{"name":"wp","href":"https:\/\/api.w.org\/{rel}","templated":true}]}}