{"id":11,"date":"2024-12-07T17:15:10","date_gmt":"2024-12-07T14:15:10","guid":{"rendered":"https:\/\/mutlusanmakine.com.tr\/?page_id=11"},"modified":"2025-01-08T11:55:06","modified_gmt":"2025-01-08T08:55:06","slug":"hakkimizda","status":"publish","type":"page","link":"https:\/\/mutlusanmakine.com.tr\/index.php\/hakkimizda\/","title":{"rendered":"Hakk\u0131m\u0131zda"},"content":{"rendered":"<div data-colibri-id=\"11-c1\" class=\"style-225 style-local-11-c1 position-relative\">\n  <!---->\n  <div data-colibri-component=\"section\" data-colibri-id=\"11-c2\" id=\"custom\" class=\"h-section h-section-global-spacing d-flex align-items-lg-center align-items-md-center align-items-center style-232 style-local-11-c2 position-relative\">\n    <!---->\n    <!---->\n    <div class=\"h-section-grid-container h-section-boxed-container\">\n      <!---->\n      <div data-colibri-id=\"11-c3\" class=\"h-row-container gutters-row-lg-2 gutters-row-md-2 gutters-row-0 gutters-row-v-lg-2 gutters-row-v-md-2 gutters-row-v-2 style-233 style-local-11-c3 position-relative\">\n        <!---->\n        <div class=\"h-row justify-content-lg-center justify-content-md-center justify-content-center align-items-lg-stretch align-items-md-stretch align-items-stretch gutters-col-lg-2 gutters-col-md-2 gutters-col-0 gutters-col-v-lg-2 gutters-col-v-md-2 gutters-col-v-2\">\n          <!---->\n          <div class=\"h-column h-column-container d-flex h-col-lg-auto h-col-md-auto h-col-auto style-234-outer style-local-11-c4-outer\">\n            <div data-colibri-id=\"11-c4\" class=\"d-flex h-flex-basis h-column__inner h-px-lg-2 h-px-md-2 h-px-2 v-inner-lg-2 v-inner-md-2 v-inner-2 style-234 style-local-11-c4 position-relative\">\n              <!---->\n              <!---->\n              <div class=\"w-100 h-y-container h-column__content h-column__v-align flex-basis-100 align-self-lg-start align-self-md-start align-self-start\">\n                <!---->\n                <div data-colibri-id=\"11-c5\" class=\"d-block style-236 style-local-11-c5 position-relative h-element\">\n                  <!---->\n                  <div class=\"h-image__frame-container-outer\">\n                    <div class=\"h-image__frame-container\">\n                      <!---->\n                      <!---->\n                      <img fetchpriority=\"high\" decoding=\"async\" width=\"438\" height=\"438\" src=\"https:\/\/mutlusanmakine.com.tr\/wp-content\/uploads\/2024\/12\/cropped-mutlusan-logo.png\" class=\"wp-image-182 style-236-image style-local-11-c5-image\" alt=\"mutlusan-logo\" srcset=\"https:\/\/mutlusanmakine.com.tr\/wp-content\/uploads\/2024\/12\/cropped-mutlusan-logo.png 438w, https:\/\/mutlusanmakine.com.tr\/wp-content\/uploads\/2024\/12\/cropped-mutlusan-logo-300x300.png 300w, https:\/\/mutlusanmakine.com.tr\/wp-content\/uploads\/2024\/12\/cropped-mutlusan-logo-150x150.png 150w, https:\/\/mutlusanmakine.com.tr\/wp-content\/uploads\/2024\/12\/cropped-mutlusan-logo-320x320.png 320w\" sizes=\"(max-width: 438px) 100vw, 438px\" \/>\n                      <div class=\"h-image__frame h-hide-lg h-hide-md h-hide-sm style-236-frameImage style-local-11-c5-frameImage\"><\/div>\n                    <\/div>\n                  <\/div>\n                <\/div>\n              <\/div>\n            <\/div>\n          <\/div>\n          <div class=\"h-column h-column-container d-flex h-col-lg-auto h-col-md-auto h-col-auto style-235-outer style-local-11-c6-outer\">\n            <div data-colibri-id=\"11-c6\" class=\"d-flex h-flex-basis h-column__inner h-px-lg-2 h-px-md-2 h-px-2 v-inner-lg-2 v-inner-md-2 v-inner-2 style-235 style-local-11-c6 position-relative\">\n              <!---->\n              <!---->\n              <div class=\"w-100 h-y-container h-column__content h-column__v-align flex-basis-100 align-self-lg-start align-self-md-start align-self-start\">\n                <!---->\n                <div data-colibri-id=\"11-c7\" class=\"h-text h-text-component style-237 style-local-11-c7 position-relative h-element\">\n                  <!---->\n                  <!---->\n                  <div class=\"\">\n                    <p>HAKKIMIZDA<\/p>\n                    <p>Kalayc\u0131o\u011flu Mutlusan Makine 1974 y\u0131l\u0131nda Hamza Mutlu taraf\u0131ndan Kahramanmara\u015f Elbistan merkezli kurulan bir i\u015fletmedir. 1992 y\u0131l\u0131nda o\u011flu Ahmet Duran Mutlu taraf\u0131na devredildi. Ba\u015flarda demir do\u011frama ve r\u00f6mork i\u015fleri yapan i\u015fletmemiz,\n                      y\u0131llar i\u00e7erisinde kendisini geli\u015ftirerek daha b\u00fcy\u00fck i\u015flerde yer alm\u0131\u015ft\u0131r. 2020 y\u0131l\u0131na kadar Elbistan K\u00fc\u00e7\u00fck sanayi Sitesinde varl\u0131\u011f\u0131n\u0131 s\u00fcrd\u00fcrd\u00fc. 2020 y\u0131l\u0131 itibariyle Tekirda\u011f S\u00fcleymanpa\u015fa&#8217;da torna, freze, kaynak, tar\u0131m makineleri\n                      imalat\u0131 ve tamirat\u0131, damper kasa imalat\u0131 ve tamirat\u0131, vidanj\u00f6r imalat\u0131 ve tamiri i\u015fleriyle m\u00fc\u015fterilerine kaliteli hizmet vermeye devam etmektedir.<\/p>\n                  <\/div>\n                <\/div>\n              <\/div>\n            <\/div>\n          <\/div>\n        <\/div>\n      <\/div>\n    <\/div>\n  <\/div>\n<\/div>","protected":false},"excerpt":{"rendered":"<p>HAKKIMIZDA Kalayc\u0131o\u011flu Mutlusan Makine 1974 y\u0131l\u0131nda Hamza Mutlu taraf\u0131ndan Kahramanmara\u015f Elbistan merkezli kurulan [&hellip;]<\/p>\n","protected":false},"author":1,"featured_media":0,"parent":0,"menu_order":0,"comment_status":"closed","ping_status":"closed","template":"page-templates\/full-width-page.php","meta":{"om_disable_all_campaigns":false,"_monsterinsights_skip_tracking":false,"_monsterinsights_sitenote_active":false,"_monsterinsights_sitenote_note":"","_monsterinsights_sitenote_category":0,"_uf_show_specific_survey":0,"_uf_disable_surveys":false,"footnotes":""},"class_list":["post-11","page","type-page","status-publish","hentry"],"aioseo_notices":[],"_links":{"self":[{"href":"https:\/\/mutlusanmakine.com.tr\/index.php\/wp-json\/wp\/v2\/pages\/11","targetHints":{"allow":["GET"]}}],"collection":[{"href":"https:\/\/mutlusanmakine.com.tr\/index.php\/wp-json\/wp\/v2\/pages"}],"about":[{"href":"https:\/\/mutlusanmakine.com.tr\/index.php\/wp-json\/wp\/v2\/types\/page"}],"author":[{"embeddable":true,"href":"https:\/\/mutlusanmakine.com.tr\/index.php\/wp-json\/wp\/v2\/users\/1"}],"replies":[{"embeddable":true,"href":"https:\/\/mutlusanmakine.com.tr\/index.php\/wp-json\/wp\/v2\/comments?post=11"}],"version-history":[{"count":14,"href":"https:\/\/mutlusanmakine.com.tr\/index.php\/wp-json\/wp\/v2\/pages\/11\/revisions"}],"predecessor-version":[{"id":339,"href":"https:\/\/mutlusanmakine.com.tr\/index.php\/wp-json\/wp\/v2\/pages\/11\/revisions\/339"}],"wp:attachment":[{"href":"https:\/\/mutlusanmakine.com.tr\/index.php\/wp-json\/wp\/v2\/media?parent=11"}],"curies":[{"name":"wp","href":"https:\/\/api.w.org\/{rel}","templated":true}]}}